{"id":718,"date":"2024-10-02T21:30:09","date_gmt":"2024-10-03T00:30:09","guid":{"rendered":"https:\/\/jdnengenharia.com.br\/reformas\/?page_id=718"},"modified":"2024-10-04T12:42:59","modified_gmt":"2024-10-04T15:42:59","slug":"condominio-solar-dos-coqueiros","status":"publish","type":"page","link":"https:\/\/jdnengenharia.com.br\/reformas\/projetos\/condominio-solar-dos-coqueiros\/","title":{"rendered":"Condom\u00ednio Solar dos Coqueiros"},"content":{"rendered":"\t\t<div data-elementor-type=\"wp-page\" data-elementor-id=\"718\" class=\"elementor elementor-718\">\n\t\t\t\t<div class=\"elementor-element elementor-element-2c21664 e-flex e-con-boxed e-con e-parent\" data-id=\"2c21664\" data-element_type=\"container\">\n\t\t\t\t\t<div class=\"e-con-inner\">\n\t\t\t\t<div class=\"elementor-element elementor-element-05de92d elementor-widget elementor-widget-n-accordion\" data-id=\"05de92d\" data-element_type=\"widget\" data-settings=\"{&quot;default_state&quot;:&quot;expanded&quot;,&quot;max_items_expended&quot;:&quot;one&quot;,&quot;n_accordion_animation_duration&quot;:{&quot;unit&quot;:&quot;ms&quot;,&quot;size&quot;:400,&quot;sizes&quot;:[]}}\" data-widget_type=\"nested-accordion.default\">\n\t\t\t\t<div class=\"elementor-widget-container\">\n\t\t\t\t\t\t\t<div class=\"e-n-accordion\" aria-label=\"Accordion. Open links with Enter or Space, close with Escape, and navigate with Arrow Keys\">\n\t\t\t\t\t\t<details id=\"e-n-accordion-item-6150\" class=\"e-n-accordion-item\" open>\n\t\t\t\t<summary class=\"e-n-accordion-item-title\" data-accordion-index=\"1\" tabindex=\"0\" aria-expanded=\"true\" aria-controls=\"e-n-accordion-item-6150\" >\n\t\t\t\t\t<span class='e-n-accordion-item-title-header'><div class=\"e-n-accordion-item-title-text\"> Servi\u00e7os executados <\/div><\/span>\n\t\t\t\t\t\t\t<span class='e-n-accordion-item-title-icon'>\n\t\t\t<span class='e-opened' ><svg aria-hidden=\"true\" class=\"e-font-icon-svg e-fas-minus\" viewBox=\"0 0 448 512\" xmlns=\"http:\/\/www.w3.org\/2000\/svg\"><path d=\"M416 208H32c-17.67 0-32 14.33-32 32v32c0 17.67 14.33 32 32 32h384c17.67 0 32-14.33 32-32v-32c0-17.67-14.33-32-32-32z\"><\/path><\/svg><\/span>\n\t\t\t<span class='e-closed'><svg aria-hidden=\"true\" class=\"e-font-icon-svg e-fas-plus\" viewBox=\"0 0 448 512\" xmlns=\"http:\/\/www.w3.org\/2000\/svg\"><path d=\"M416 208H272V64c0-17.67-14.33-32-32-32h-32c-17.67 0-32 14.33-32 32v144H32c-17.67 0-32 14.33-32 32v32c0 17.67 14.33 32 32 32h144v144c0 17.67 14.33 32 32 32h32c17.67 0 32-14.33 32-32V304h144c17.67 0 32-14.33 32-32v-32c0-17.67-14.33-32-32-32z\"><\/path><\/svg><\/span>\n\t\t<\/span>\n\n\t\t\t\t\t\t<\/summary>\n\t\t\t\t<div role=\"region\" aria-labelledby=\"e-n-accordion-item-6150\" class=\"elementor-element elementor-element-b8911f2 e-con-full e-flex e-con e-child\" data-id=\"b8911f2\" data-element_type=\"container\">\n\t\t\t\t<div class=\"elementor-element elementor-element-0c962d8 elementor-widget elementor-widget-text-editor\" data-id=\"0c962d8\" data-element_type=\"widget\" data-widget_type=\"text-editor.default\">\n\t\t\t\t<div class=\"elementor-widget-container\">\n\t\t\t\t\t\t\t\t\t<p>Teste de percuss\u00e3o e reforma de<br \/>todas as fachadas, revestidas em<br \/>pastilhas e textura.<\/p>\t\t\t\t\t\t\t\t<\/div>\n\t\t\t\t<\/div>\n\t\t\t\t<\/div>\n\t\t\t\t\t<\/details>\n\t\t\t\t\t\t<details id=\"e-n-accordion-item-6151\" class=\"e-n-accordion-item\" >\n\t\t\t\t<summary class=\"e-n-accordion-item-title\" data-accordion-index=\"2\" tabindex=\"-1\" aria-expanded=\"false\" aria-controls=\"e-n-accordion-item-6151\" >\n\t\t\t\t\t<span class='e-n-accordion-item-title-header'><div class=\"e-n-accordion-item-title-text\"> Local e data da execu\u00e7\u00e3o da obra  <\/div><\/span>\n\t\t\t\t\t\t\t<span class='e-n-accordion-item-title-icon'>\n\t\t\t<span class='e-opened' ><svg aria-hidden=\"true\" class=\"e-font-icon-svg e-fas-minus\" viewBox=\"0 0 448 512\" xmlns=\"http:\/\/www.w3.org\/2000\/svg\"><path d=\"M416 208H32c-17.67 0-32 14.33-32 32v32c0 17.67 14.33 32 32 32h384c17.67 0 32-14.33 32-32v-32c0-17.67-14.33-32-32-32z\"><\/path><\/svg><\/span>\n\t\t\t<span class='e-closed'><svg aria-hidden=\"true\" class=\"e-font-icon-svg e-fas-plus\" viewBox=\"0 0 448 512\" xmlns=\"http:\/\/www.w3.org\/2000\/svg\"><path d=\"M416 208H272V64c0-17.67-14.33-32-32-32h-32c-17.67 0-32 14.33-32 32v144H32c-17.67 0-32 14.33-32 32v32c0 17.67 14.33 32 32 32h144v144c0 17.67 14.33 32 32 32h32c17.67 0 32-14.33 32-32V304h144c17.67 0 32-14.33 32-32v-32c0-17.67-14.33-32-32-32z\"><\/path><\/svg><\/span>\n\t\t<\/span>\n\n\t\t\t\t\t\t<\/summary>\n\t\t\t\t<div role=\"region\" aria-labelledby=\"e-n-accordion-item-6151\" class=\"elementor-element elementor-element-7f52018 e-con-full e-flex e-con e-child\" data-id=\"7f52018\" data-element_type=\"container\">\n\t\t\t\t<div class=\"elementor-element elementor-element-b69c984 elementor-widget elementor-widget-text-editor\" data-id=\"b69c984\" data-element_type=\"widget\" data-widget_type=\"text-editor.default\">\n\t\t\t\t<div class=\"elementor-widget-container\">\n\t\t\t\t\t\t\t\t\t<p>Jacarepagu\u00e1, Rio de Janeiro, RJ, 2024.<\/p>\t\t\t\t\t\t\t\t<\/div>\n\t\t\t\t<\/div>\n\t\t\t\t<\/div>\n\t\t\t\t\t<\/details>\n\t\t\t\t\t<\/div>\n\t\t\t\t\t\t<\/div>\n\t\t\t\t<\/div>\n\t\t\t\t\t<\/div>\n\t\t\t\t<\/div>\n\t\t<div class=\"elementor-element elementor-element-9a86489 e-flex e-con-boxed e-con e-parent\" data-id=\"9a86489\" data-element_type=\"container\">\n\t\t\t\t\t<div class=\"e-con-inner\">\n\t\t\t\t<div class=\"elementor-element elementor-element-291c9f5 gallery-spacing-custom elementor-widget elementor-widget-image-gallery\" data-id=\"291c9f5\" data-element_type=\"widget\" data-widget_type=\"image-gallery.default\">\n\t\t\t\t<div class=\"elementor-widget-container\">\n\t\t\t\t\t\t\t<div class=\"elementor-image-gallery\">\n\t\t\t<div id='gallery-1' class='gallery galleryid-718 gallery-columns-3 gallery-size-medium'><figure class='gallery-item'>\n\t\t\t<div class='gallery-icon portrait'>\n\t\t\t\t<a data-elementor-open-lightbox=\"yes\" data-elementor-lightbox-slideshow=\"291c9f5\" data-elementor-lightbox-title=\"Projeto Solar dos Coqueiros\" data-elementor-lightbox-description=\"Projeto Solar dos Coqueiros\" data-e-action-hash=\"#elementor-action%3Aaction%3Dlightbox%26settings%3DeyJpZCI6OTM0LCJ1cmwiOiJodHRwczpcL1wvamRuZW5nZW5oYXJpYS5jb20uYnJcL3JlZm9ybWFzXC93cC1jb250ZW50XC91cGxvYWRzXC8yMDI0XC8xMFwvc29sYXIwMS5qcGciLCJzbGlkZXNob3ciOiIyOTFjOWY1In0%3D\" href='https:\/\/jdnengenharia.com.br\/reformas\/wp-content\/uploads\/2024\/10\/solar01.jpg'><img fetchpriority=\"high\" decoding=\"async\" width=\"225\" height=\"300\" src=\"https:\/\/jdnengenharia.com.br\/reformas\/wp-content\/uploads\/2024\/10\/solar01-225x300.jpg\" class=\"attachment-medium size-medium\" alt=\"Projeto Solar dos Coqueiros\" aria-describedby=\"gallery-1-934\" srcset=\"https:\/\/jdnengenharia.com.br\/reformas\/wp-content\/uploads\/2024\/10\/solar01-225x300.jpg 225w, https:\/\/jdnengenharia.com.br\/reformas\/wp-content\/uploads\/2024\/10\/solar01.jpg 768w\" sizes=\"(max-width: 225px) 100vw, 225px\" \/><\/a>\n\t\t\t<\/div>\n\t\t\t\t<figcaption class='wp-caption-text gallery-caption' id='gallery-1-934'>\n\t\t\t\tProjeto Solar dos Coqueiros\n\t\t\t\t<\/figcaption><\/figure><figure class='gallery-item'>\n\t\t\t<div class='gallery-icon landscape'>\n\t\t\t\t<a data-elementor-open-lightbox=\"yes\" data-elementor-lightbox-slideshow=\"291c9f5\" data-elementor-lightbox-title=\"solar02\" data-elementor-lightbox-description=\"Projeto Solar dos Coqueiros\" data-e-action-hash=\"#elementor-action%3Aaction%3Dlightbox%26settings%3DeyJpZCI6OTM1LCJ1cmwiOiJodHRwczpcL1wvamRuZW5nZW5oYXJpYS5jb20uYnJcL3JlZm9ybWFzXC93cC1jb250ZW50XC91cGxvYWRzXC8yMDI0XC8xMFwvc29sYXIwMi5qcGciLCJzbGlkZXNob3ciOiIyOTFjOWY1In0%3D\" href='https:\/\/jdnengenharia.com.br\/reformas\/wp-content\/uploads\/2024\/10\/solar02.jpg'><img decoding=\"async\" width=\"300\" height=\"225\" src=\"https:\/\/jdnengenharia.com.br\/reformas\/wp-content\/uploads\/2024\/10\/solar02-300x225.jpg\" class=\"attachment-medium size-medium\" alt=\"Projeto Solar dos Coqueiros\" aria-describedby=\"gallery-1-935\" srcset=\"https:\/\/jdnengenharia.com.br\/reformas\/wp-content\/uploads\/2024\/10\/solar02-300x225.jpg 300w, https:\/\/jdnengenharia.com.br\/reformas\/wp-content\/uploads\/2024\/10\/solar02-768x576.jpg 768w, https:\/\/jdnengenharia.com.br\/reformas\/wp-content\/uploads\/2024\/10\/solar02.jpg 1024w\" sizes=\"(max-width: 300px) 100vw, 300px\" \/><\/a>\n\t\t\t<\/div>\n\t\t\t\t<figcaption class='wp-caption-text gallery-caption' id='gallery-1-935'>\n\t\t\t\tProjeto Solar dos Coqueiros\n\t\t\t\t<\/figcaption><\/figure><figure class='gallery-item'>\n\t\t\t<div class='gallery-icon landscape'>\n\t\t\t\t<a data-elementor-open-lightbox=\"yes\" data-elementor-lightbox-slideshow=\"291c9f5\" data-elementor-lightbox-title=\"Projeto Solar dos Coqueiros\" data-elementor-lightbox-description=\"Projeto Solar dos Coqueiros\" data-e-action-hash=\"#elementor-action%3Aaction%3Dlightbox%26settings%3DeyJpZCI6OTM2LCJ1cmwiOiJodHRwczpcL1wvamRuZW5nZW5oYXJpYS5jb20uYnJcL3JlZm9ybWFzXC93cC1jb250ZW50XC91cGxvYWRzXC8yMDI0XC8xMFwvc29sYXIwMy5qcGciLCJzbGlkZXNob3ciOiIyOTFjOWY1In0%3D\" href='https:\/\/jdnengenharia.com.br\/reformas\/wp-content\/uploads\/2024\/10\/solar03.jpg'><img decoding=\"async\" width=\"300\" height=\"225\" src=\"https:\/\/jdnengenharia.com.br\/reformas\/wp-content\/uploads\/2024\/10\/solar03-300x225.jpg\" class=\"attachment-medium size-medium\" alt=\"Projeto Solar dos Coqueiros\" aria-describedby=\"gallery-1-936\" srcset=\"https:\/\/jdnengenharia.com.br\/reformas\/wp-content\/uploads\/2024\/10\/solar03-300x225.jpg 300w, https:\/\/jdnengenharia.com.br\/reformas\/wp-content\/uploads\/2024\/10\/solar03-768x576.jpg 768w, https:\/\/jdnengenharia.com.br\/reformas\/wp-content\/uploads\/2024\/10\/solar03.jpg 1024w\" sizes=\"(max-width: 300px) 100vw, 300px\" \/><\/a>\n\t\t\t<\/div>\n\t\t\t\t<figcaption class='wp-caption-text gallery-caption' id='gallery-1-936'>\n\t\t\t\tProjeto Solar dos Coqueiros\n\t\t\t\t<\/figcaption><\/figure><figure class='gallery-item'>\n\t\t\t<div class='gallery-icon landscape'>\n\t\t\t\t<a data-elementor-open-lightbox=\"yes\" data-elementor-lightbox-slideshow=\"291c9f5\" data-elementor-lightbox-title=\"Projeto Solar dos Coqueiros\" data-elementor-lightbox-description=\"Projeto Solar dos Coqueiros\" data-e-action-hash=\"#elementor-action%3Aaction%3Dlightbox%26settings%3DeyJpZCI6OTM3LCJ1cmwiOiJodHRwczpcL1wvamRuZW5nZW5oYXJpYS5jb20uYnJcL3JlZm9ybWFzXC93cC1jb250ZW50XC91cGxvYWRzXC8yMDI0XC8xMFwvc29sYXIwNC5qcGciLCJzbGlkZXNob3ciOiIyOTFjOWY1In0%3D\" href='https:\/\/jdnengenharia.com.br\/reformas\/wp-content\/uploads\/2024\/10\/solar04.jpg'><img loading=\"lazy\" decoding=\"async\" width=\"300\" height=\"225\" src=\"https:\/\/jdnengenharia.com.br\/reformas\/wp-content\/uploads\/2024\/10\/solar04-300x225.jpg\" class=\"attachment-medium size-medium\" alt=\"Projeto Solar dos Coqueiros\" aria-describedby=\"gallery-1-937\" srcset=\"https:\/\/jdnengenharia.com.br\/reformas\/wp-content\/uploads\/2024\/10\/solar04-300x225.jpg 300w, https:\/\/jdnengenharia.com.br\/reformas\/wp-content\/uploads\/2024\/10\/solar04-768x576.jpg 768w, https:\/\/jdnengenharia.com.br\/reformas\/wp-content\/uploads\/2024\/10\/solar04.jpg 1024w\" sizes=\"(max-width: 300px) 100vw, 300px\" \/><\/a>\n\t\t\t<\/div>\n\t\t\t\t<figcaption class='wp-caption-text gallery-caption' id='gallery-1-937'>\n\t\t\t\tProjeto Solar dos Coqueiros\n\t\t\t\t<\/figcaption><\/figure><figure class='gallery-item'>\n\t\t\t<div class='gallery-icon landscape'>\n\t\t\t\t<a data-elementor-open-lightbox=\"yes\" data-elementor-lightbox-slideshow=\"291c9f5\" data-elementor-lightbox-title=\"Projeto Solar dos Coqueiros\" data-elementor-lightbox-description=\"Projeto Solar dos Coqueiros\" data-e-action-hash=\"#elementor-action%3Aaction%3Dlightbox%26settings%3DeyJpZCI6OTM4LCJ1cmwiOiJodHRwczpcL1wvamRuZW5nZW5oYXJpYS5jb20uYnJcL3JlZm9ybWFzXC93cC1jb250ZW50XC91cGxvYWRzXC8yMDI0XC8xMFwvc29sYXIwNi5qcGciLCJzbGlkZXNob3ciOiIyOTFjOWY1In0%3D\" href='https:\/\/jdnengenharia.com.br\/reformas\/wp-content\/uploads\/2024\/10\/solar06.jpg'><img loading=\"lazy\" decoding=\"async\" width=\"300\" height=\"225\" src=\"https:\/\/jdnengenharia.com.br\/reformas\/wp-content\/uploads\/2024\/10\/solar06-300x225.jpg\" class=\"attachment-medium size-medium\" alt=\"Projeto Solar dos Coqueiros\" aria-describedby=\"gallery-1-938\" srcset=\"https:\/\/jdnengenharia.com.br\/reformas\/wp-content\/uploads\/2024\/10\/solar06-300x225.jpg 300w, https:\/\/jdnengenharia.com.br\/reformas\/wp-content\/uploads\/2024\/10\/solar06-768x576.jpg 768w, https:\/\/jdnengenharia.com.br\/reformas\/wp-content\/uploads\/2024\/10\/solar06.jpg 1024w\" sizes=\"(max-width: 300px) 100vw, 300px\" \/><\/a>\n\t\t\t<\/div>\n\t\t\t\t<figcaption class='wp-caption-text gallery-caption' id='gallery-1-938'>\n\t\t\t\tProjeto Solar dos Coqueiros\n\t\t\t\t<\/figcaption><\/figure><figure class='gallery-item'>\n\t\t\t<div class='gallery-icon landscape'>\n\t\t\t\t<a data-elementor-open-lightbox=\"yes\" data-elementor-lightbox-slideshow=\"291c9f5\" data-elementor-lightbox-title=\"Projeto Solar dos Coqueiros\" data-elementor-lightbox-description=\"Projeto Solar dos Coqueiros\" data-e-action-hash=\"#elementor-action%3Aaction%3Dlightbox%26settings%3DeyJpZCI6OTM5LCJ1cmwiOiJodHRwczpcL1wvamRuZW5nZW5oYXJpYS5jb20uYnJcL3JlZm9ybWFzXC93cC1jb250ZW50XC91cGxvYWRzXC8yMDI0XC8xMFwvc29sYXIwNy5qcGciLCJzbGlkZXNob3ciOiIyOTFjOWY1In0%3D\" href='https:\/\/jdnengenharia.com.br\/reformas\/wp-content\/uploads\/2024\/10\/solar07.jpg'><img loading=\"lazy\" decoding=\"async\" width=\"300\" height=\"225\" src=\"https:\/\/jdnengenharia.com.br\/reformas\/wp-content\/uploads\/2024\/10\/solar07-300x225.jpg\" class=\"attachment-medium size-medium\" alt=\"Projeto Solar dos Coqueiros\" aria-describedby=\"gallery-1-939\" srcset=\"https:\/\/jdnengenharia.com.br\/reformas\/wp-content\/uploads\/2024\/10\/solar07-300x225.jpg 300w, https:\/\/jdnengenharia.com.br\/reformas\/wp-content\/uploads\/2024\/10\/solar07-768x576.jpg 768w, https:\/\/jdnengenharia.com.br\/reformas\/wp-content\/uploads\/2024\/10\/solar07.jpg 1024w\" sizes=\"(max-width: 300px) 100vw, 300px\" \/><\/a>\n\t\t\t<\/div>\n\t\t\t\t<figcaption class='wp-caption-text gallery-caption' id='gallery-1-939'>\n\t\t\t\tProjeto Solar dos Coqueiros\n\t\t\t\t<\/figcaption><\/figure><figure class='gallery-item'>\n\t\t\t<div class='gallery-icon landscape'>\n\t\t\t\t<a data-elementor-open-lightbox=\"yes\" data-elementor-lightbox-slideshow=\"291c9f5\" data-elementor-lightbox-title=\"Projeto Solar dos Coqueiros\" data-elementor-lightbox-description=\"Projeto Solar dos Coqueiros\" data-e-action-hash=\"#elementor-action%3Aaction%3Dlightbox%26settings%3DeyJpZCI6OTQwLCJ1cmwiOiJodHRwczpcL1wvamRuZW5nZW5oYXJpYS5jb20uYnJcL3JlZm9ybWFzXC93cC1jb250ZW50XC91cGxvYWRzXC8yMDI0XC8xMFwvc29sYXIwOC5qcGciLCJzbGlkZXNob3ciOiIyOTFjOWY1In0%3D\" href='https:\/\/jdnengenharia.com.br\/reformas\/wp-content\/uploads\/2024\/10\/solar08.jpg'><img loading=\"lazy\" decoding=\"async\" width=\"300\" height=\"225\" src=\"https:\/\/jdnengenharia.com.br\/reformas\/wp-content\/uploads\/2024\/10\/solar08-300x225.jpg\" class=\"attachment-medium size-medium\" alt=\"Projeto Solar dos Coqueiros\" aria-describedby=\"gallery-1-940\" srcset=\"https:\/\/jdnengenharia.com.br\/reformas\/wp-content\/uploads\/2024\/10\/solar08-300x225.jpg 300w, https:\/\/jdnengenharia.com.br\/reformas\/wp-content\/uploads\/2024\/10\/solar08-768x576.jpg 768w, https:\/\/jdnengenharia.com.br\/reformas\/wp-content\/uploads\/2024\/10\/solar08.jpg 1024w\" sizes=\"(max-width: 300px) 100vw, 300px\" \/><\/a>\n\t\t\t<\/div>\n\t\t\t\t<figcaption class='wp-caption-text gallery-caption' id='gallery-1-940'>\n\t\t\t\tProjeto Solar dos Coqueiros\n\t\t\t\t<\/figcaption><\/figure><figure class='gallery-item'>\n\t\t\t<div class='gallery-icon landscape'>\n\t\t\t\t<a data-elementor-open-lightbox=\"yes\" data-elementor-lightbox-slideshow=\"291c9f5\" data-elementor-lightbox-title=\"Projeto Solar dos Coqueiros\" data-elementor-lightbox-description=\"Projeto Solar dos Coqueiros\" data-e-action-hash=\"#elementor-action%3Aaction%3Dlightbox%26settings%3DeyJpZCI6OTQxLCJ1cmwiOiJodHRwczpcL1wvamRuZW5nZW5oYXJpYS5jb20uYnJcL3JlZm9ybWFzXC93cC1jb250ZW50XC91cGxvYWRzXC8yMDI0XC8xMFwvc29sYXIwOS5qcGciLCJzbGlkZXNob3ciOiIyOTFjOWY1In0%3D\" href='https:\/\/jdnengenharia.com.br\/reformas\/wp-content\/uploads\/2024\/10\/solar09.jpg'><img loading=\"lazy\" decoding=\"async\" width=\"300\" height=\"225\" src=\"https:\/\/jdnengenharia.com.br\/reformas\/wp-content\/uploads\/2024\/10\/solar09-300x225.jpg\" class=\"attachment-medium size-medium\" alt=\"Projeto Solar dos Coqueiros\" aria-describedby=\"gallery-1-941\" srcset=\"https:\/\/jdnengenharia.com.br\/reformas\/wp-content\/uploads\/2024\/10\/solar09-300x225.jpg 300w, https:\/\/jdnengenharia.com.br\/reformas\/wp-content\/uploads\/2024\/10\/solar09-768x576.jpg 768w, https:\/\/jdnengenharia.com.br\/reformas\/wp-content\/uploads\/2024\/10\/solar09.jpg 1024w\" sizes=\"(max-width: 300px) 100vw, 300px\" \/><\/a>\n\t\t\t<\/div>\n\t\t\t\t<figcaption class='wp-caption-text gallery-caption' id='gallery-1-941'>\n\t\t\t\tProjeto Solar dos Coqueiros\n\t\t\t\t<\/figcaption><\/figure>\n\t\t<\/div>\n\t\t<\/div>\n\t\t\t\t\t\t<\/div>\n\t\t\t\t<\/div>\n\t\t\t\t\t<\/div>\n\t\t\t\t<\/div>\n\t\t\t\t<\/div>\n\t\t","protected":false},"excerpt":{"rendered":"<p>Servi\u00e7os executados Teste de percuss\u00e3o e reforma detodas as fachadas, revestidas empastilhas e textura. Local e data da execu\u00e7\u00e3o da obra Jacarepagu\u00e1, Rio de Janeiro, RJ, 2024. Teste de percuss\u00e3o e reforma detodas as fachadas, revestidas empastilhas e textura. Jacarepagu\u00e1, Rio de Janeiro, RJ, 2024. Projeto Solar dos Coqueiros Projeto Solar dos Coqueiros Projeto Solar [&hellip;]<\/p>\n","protected":false},"author":1,"featured_media":0,"parent":591,"menu_order":0,"comment_status":"closed","ping_status":"closed","template":"","meta":{"footnotes":""},"class_list":["post-718","page","type-page","status-publish","hentry"],"_links":{"self":[{"href":"https:\/\/jdnengenharia.com.br\/reformas\/wp-json\/wp\/v2\/pages\/718","targetHints":{"allow":["GET"]}}],"collection":[{"href":"https:\/\/jdnengenharia.com.br\/reformas\/wp-json\/wp\/v2\/pages"}],"about":[{"href":"https:\/\/jdnengenharia.com.br\/reformas\/wp-json\/wp\/v2\/types\/page"}],"author":[{"embeddable":true,"href":"https:\/\/jdnengenharia.com.br\/reformas\/wp-json\/wp\/v2\/users\/1"}],"replies":[{"embeddable":true,"href":"https:\/\/jdnengenharia.com.br\/reformas\/wp-json\/wp\/v2\/comments?post=718"}],"version-history":[{"count":7,"href":"https:\/\/jdnengenharia.com.br\/reformas\/wp-json\/wp\/v2\/pages\/718\/revisions"}],"predecessor-version":[{"id":950,"href":"https:\/\/jdnengenharia.com.br\/reformas\/wp-json\/wp\/v2\/pages\/718\/revisions\/950"}],"up":[{"embeddable":true,"href":"https:\/\/jdnengenharia.com.br\/reformas\/wp-json\/wp\/v2\/pages\/591"}],"wp:attachment":[{"href":"https:\/\/jdnengenharia.com.br\/reformas\/wp-json\/wp\/v2\/media?parent=718"}],"curies":[{"name":"wp","href":"https:\/\/api.w.org\/{rel}","templated":true}]}}