{"id":724,"date":"2024-10-02T21:33:12","date_gmt":"2024-10-03T00:33:12","guid":{"rendered":"https:\/\/jdnengenharia.com.br\/reformas\/?page_id=724"},"modified":"2024-10-04T12:41:10","modified_gmt":"2024-10-04T15:41:10","slug":"condominio-canrobert","status":"publish","type":"page","link":"https:\/\/jdnengenharia.com.br\/reformas\/projetos\/condominio-canrobert\/","title":{"rendered":"Condom\u00ednio Canrobert"},"content":{"rendered":"\t\t<div data-elementor-type=\"wp-page\" data-elementor-id=\"724\" class=\"elementor elementor-724\">\n\t\t\t\t<div class=\"elementor-element elementor-element-51ee02c e-flex e-con-boxed e-con e-parent\" data-id=\"51ee02c\" data-element_type=\"container\">\n\t\t\t\t\t<div class=\"e-con-inner\">\n\t\t\t\t<div class=\"elementor-element elementor-element-5d06678 elementor-widget elementor-widget-n-accordion\" data-id=\"5d06678\" data-element_type=\"widget\" data-settings=\"{&quot;default_state&quot;:&quot;expanded&quot;,&quot;max_items_expended&quot;:&quot;one&quot;,&quot;n_accordion_animation_duration&quot;:{&quot;unit&quot;:&quot;ms&quot;,&quot;size&quot;:400,&quot;sizes&quot;:[]}}\" data-widget_type=\"nested-accordion.default\">\n\t\t\t\t<div class=\"elementor-widget-container\">\n\t\t\t\t\t\t\t<div class=\"e-n-accordion\" aria-label=\"Accordion. Open links with Enter or Space, close with Escape, and navigate with Arrow Keys\">\n\t\t\t\t\t\t<details id=\"e-n-accordion-item-9750\" class=\"e-n-accordion-item\" open>\n\t\t\t\t<summary class=\"e-n-accordion-item-title\" data-accordion-index=\"1\" tabindex=\"0\" aria-expanded=\"true\" aria-controls=\"e-n-accordion-item-9750\" >\n\t\t\t\t\t<span class='e-n-accordion-item-title-header'><div class=\"e-n-accordion-item-title-text\"> Servi\u00e7os executados <\/div><\/span>\n\t\t\t\t\t\t\t<span class='e-n-accordion-item-title-icon'>\n\t\t\t<span class='e-opened' ><svg aria-hidden=\"true\" class=\"e-font-icon-svg e-fas-minus\" viewBox=\"0 0 448 512\" xmlns=\"http:\/\/www.w3.org\/2000\/svg\"><path d=\"M416 208H32c-17.67 0-32 14.33-32 32v32c0 17.67 14.33 32 32 32h384c17.67 0 32-14.33 32-32v-32c0-17.67-14.33-32-32-32z\"><\/path><\/svg><\/span>\n\t\t\t<span class='e-closed'><svg aria-hidden=\"true\" class=\"e-font-icon-svg e-fas-plus\" viewBox=\"0 0 448 512\" xmlns=\"http:\/\/www.w3.org\/2000\/svg\"><path d=\"M416 208H272V64c0-17.67-14.33-32-32-32h-32c-17.67 0-32 14.33-32 32v144H32c-17.67 0-32 14.33-32 32v32c0 17.67 14.33 32 32 32h144v144c0 17.67 14.33 32 32 32h32c17.67 0 32-14.33 32-32V304h144c17.67 0 32-14.33 32-32v-32c0-17.67-14.33-32-32-32z\"><\/path><\/svg><\/span>\n\t\t<\/span>\n\n\t\t\t\t\t\t<\/summary>\n\t\t\t\t<div role=\"region\" aria-labelledby=\"e-n-accordion-item-9750\" class=\"elementor-element elementor-element-a773395 e-con-full e-flex e-con e-child\" data-id=\"a773395\" data-element_type=\"container\">\n\t\t\t\t<div class=\"elementor-element elementor-element-5723e71 elementor-widget elementor-widget-text-editor\" data-id=\"5723e71\" data-element_type=\"widget\" data-widget_type=\"text-editor.default\">\n\t\t\t\t<div class=\"elementor-widget-container\">\n\t\t\t\t\t\t\t\t\t<p>Teste de percuss\u00e3o, reforma para recupera\u00e7\u00e3o de todas as fachadas do edif\u00edcio, revestidas em pastilhas e granitos.<\/p>\t\t\t\t\t\t\t\t<\/div>\n\t\t\t\t<\/div>\n\t\t\t\t<\/div>\n\t\t\t\t\t<\/details>\n\t\t\t\t\t\t<details id=\"e-n-accordion-item-9751\" class=\"e-n-accordion-item\" >\n\t\t\t\t<summary class=\"e-n-accordion-item-title\" data-accordion-index=\"2\" tabindex=\"-1\" aria-expanded=\"false\" aria-controls=\"e-n-accordion-item-9751\" >\n\t\t\t\t\t<span class='e-n-accordion-item-title-header'><div class=\"e-n-accordion-item-title-text\"> Local e data da execu\u00e7\u00e3o da obra <\/div><\/span>\n\t\t\t\t\t\t\t<span class='e-n-accordion-item-title-icon'>\n\t\t\t<span class='e-opened' ><svg aria-hidden=\"true\" class=\"e-font-icon-svg e-fas-minus\" viewBox=\"0 0 448 512\" xmlns=\"http:\/\/www.w3.org\/2000\/svg\"><path d=\"M416 208H32c-17.67 0-32 14.33-32 32v32c0 17.67 14.33 32 32 32h384c17.67 0 32-14.33 32-32v-32c0-17.67-14.33-32-32-32z\"><\/path><\/svg><\/span>\n\t\t\t<span class='e-closed'><svg aria-hidden=\"true\" class=\"e-font-icon-svg e-fas-plus\" viewBox=\"0 0 448 512\" xmlns=\"http:\/\/www.w3.org\/2000\/svg\"><path d=\"M416 208H272V64c0-17.67-14.33-32-32-32h-32c-17.67 0-32 14.33-32 32v144H32c-17.67 0-32 14.33-32 32v32c0 17.67 14.33 32 32 32h144v144c0 17.67 14.33 32 32 32h32c17.67 0 32-14.33 32-32V304h144c17.67 0 32-14.33 32-32v-32c0-17.67-14.33-32-32-32z\"><\/path><\/svg><\/span>\n\t\t<\/span>\n\n\t\t\t\t\t\t<\/summary>\n\t\t\t\t<div role=\"region\" aria-labelledby=\"e-n-accordion-item-9751\" class=\"elementor-element elementor-element-226ecca e-con-full e-flex e-con e-child\" data-id=\"226ecca\" data-element_type=\"container\">\n\t\t\t\t<div class=\"elementor-element elementor-element-747c6c8 elementor-widget elementor-widget-text-editor\" data-id=\"747c6c8\" data-element_type=\"widget\" data-widget_type=\"text-editor.default\">\n\t\t\t\t<div class=\"elementor-widget-container\">\n\t\t\t\t\t\t\t\t\t<p>Meier, Rio de Janeiro, RJ, 2022.<\/p>\t\t\t\t\t\t\t\t<\/div>\n\t\t\t\t<\/div>\n\t\t\t\t<\/div>\n\t\t\t\t\t<\/details>\n\t\t\t\t\t<\/div>\n\t\t\t\t\t<script type=\"application\/ld+json\">{\"@context\":\"https:\\\/\\\/schema.org\",\"@type\":\"FAQPage\",\"mainEntity\":[{\"@type\":\"Question\",\"name\":\"Servi\\u00e7os executados\",\"acceptedAnswer\":{\"@type\":\"Answer\",\"text\":\"\"}},{\"@type\":\"Question\",\"name\":\"Local e data da execu\\u00e7\\u00e3o da obra\",\"acceptedAnswer\":{\"@type\":\"Answer\",\"text\":\"\"}}]}<\/script>\n\t\t\t\t\t\t\t<\/div>\n\t\t\t\t<\/div>\n\t\t\t\t\t<\/div>\n\t\t\t\t<\/div>\n\t\t<div class=\"elementor-element elementor-element-06cff62 e-flex e-con-boxed e-con e-parent\" data-id=\"06cff62\" data-element_type=\"container\">\n\t\t\t\t\t<div class=\"e-con-inner\">\n\t\t\t\t<div class=\"elementor-element elementor-element-e018923 gallery-spacing-custom elementor-widget elementor-widget-image-gallery\" data-id=\"e018923\" data-element_type=\"widget\" data-widget_type=\"image-gallery.default\">\n\t\t\t\t<div class=\"elementor-widget-container\">\n\t\t\t\t\t\t\t<div class=\"elementor-image-gallery\">\n\t\t\t<div id='gallery-1' class='gallery galleryid-724 gallery-columns-3 gallery-size-medium'><figure class='gallery-item'>\n\t\t\t<div class='gallery-icon landscape'>\n\t\t\t\t<a data-elementor-open-lightbox=\"yes\" data-elementor-lightbox-slideshow=\"e018923\" data-elementor-lightbox-title=\"Obra executada no condom\u00ednio Canrobert\" data-elementor-lightbox-description=\"Obra executada no condom\u00ednio Canrobert\n\n\" data-e-action-hash=\"#elementor-action%3Aaction%3Dlightbox%26settings%3DeyJpZCI6OTAwLCJ1cmwiOiJodHRwczpcL1wvamRuZW5nZW5oYXJpYS5jb20uYnJcL3JlZm9ybWFzXC93cC1jb250ZW50XC91cGxvYWRzXC8yMDI0XC8xMFwvY2Fucm9iZXJ0LTAyLmpwZyIsInNsaWRlc2hvdyI6ImUwMTg5MjMifQ%3D%3D\" href='https:\/\/jdnengenharia.com.br\/reformas\/wp-content\/uploads\/2024\/10\/canrobert-02.jpg'><img fetchpriority=\"high\" decoding=\"async\" width=\"300\" height=\"225\" src=\"https:\/\/jdnengenharia.com.br\/reformas\/wp-content\/uploads\/2024\/10\/canrobert-02-300x225.jpg\" class=\"attachment-medium size-medium\" alt=\"Obra executada no condom\u00ednio Canrobert\" aria-describedby=\"gallery-1-900\" srcset=\"https:\/\/jdnengenharia.com.br\/reformas\/wp-content\/uploads\/2024\/10\/canrobert-02-300x225.jpg 300w, https:\/\/jdnengenharia.com.br\/reformas\/wp-content\/uploads\/2024\/10\/canrobert-02-768x576.jpg 768w, https:\/\/jdnengenharia.com.br\/reformas\/wp-content\/uploads\/2024\/10\/canrobert-02.jpg 1024w\" sizes=\"(max-width: 300px) 100vw, 300px\" \/><\/a>\n\t\t\t<\/div>\n\t\t\t\t<figcaption class='wp-caption-text gallery-caption' id='gallery-1-900'>\n\t\t\t\tObra executada no condom\u00ednio Canrobert\n\n\n\t\t\t\t<\/figcaption><\/figure><figure class='gallery-item'>\n\t\t\t<div class='gallery-icon portrait'>\n\t\t\t\t<a data-elementor-open-lightbox=\"yes\" data-elementor-lightbox-slideshow=\"e018923\" data-elementor-lightbox-title=\"Obra executada no condom\u00ednio Canrobert\" data-elementor-lightbox-description=\"Obra executada no condom\u00ednio Canrobert\n\n\" data-e-action-hash=\"#elementor-action%3Aaction%3Dlightbox%26settings%3DeyJpZCI6ODk2LCJ1cmwiOiJodHRwczpcL1wvamRuZW5nZW5oYXJpYS5jb20uYnJcL3JlZm9ybWFzXC93cC1jb250ZW50XC91cGxvYWRzXC8yMDI0XC8xMFwvY2Fucm9iZXJ0LTEwLmpwZyIsInNsaWRlc2hvdyI6ImUwMTg5MjMifQ%3D%3D\" href='https:\/\/jdnengenharia.com.br\/reformas\/wp-content\/uploads\/2024\/10\/canrobert-10.jpg'><img decoding=\"async\" width=\"225\" height=\"300\" src=\"https:\/\/jdnengenharia.com.br\/reformas\/wp-content\/uploads\/2024\/10\/canrobert-10-225x300.jpg\" class=\"attachment-medium size-medium\" alt=\"Obra executada no condom\u00ednio Canrobert\" aria-describedby=\"gallery-1-896\" srcset=\"https:\/\/jdnengenharia.com.br\/reformas\/wp-content\/uploads\/2024\/10\/canrobert-10-225x300.jpg 225w, https:\/\/jdnengenharia.com.br\/reformas\/wp-content\/uploads\/2024\/10\/canrobert-10.jpg 768w\" sizes=\"(max-width: 225px) 100vw, 225px\" \/><\/a>\n\t\t\t<\/div>\n\t\t\t\t<figcaption class='wp-caption-text gallery-caption' id='gallery-1-896'>\n\t\t\t\tObra executada no condom\u00ednio Canrobert\n\n\n\t\t\t\t<\/figcaption><\/figure><figure class='gallery-item'>\n\t\t\t<div class='gallery-icon landscape'>\n\t\t\t\t<a data-elementor-open-lightbox=\"yes\" data-elementor-lightbox-slideshow=\"e018923\" data-elementor-lightbox-title=\"Obra executada no condom\u00ednio Canrobert\" data-elementor-lightbox-description=\"Obra executada no condom\u00ednio Canrobert\n\n\" data-e-action-hash=\"#elementor-action%3Aaction%3Dlightbox%26settings%3DeyJpZCI6OTAyLCJ1cmwiOiJodHRwczpcL1wvamRuZW5nZW5oYXJpYS5jb20uYnJcL3JlZm9ybWFzXC93cC1jb250ZW50XC91cGxvYWRzXC8yMDI0XC8xMFwvY2Fucm9iZXJ0LTA0LmpwZyIsInNsaWRlc2hvdyI6ImUwMTg5MjMifQ%3D%3D\" href='https:\/\/jdnengenharia.com.br\/reformas\/wp-content\/uploads\/2024\/10\/canrobert-04.jpg'><img decoding=\"async\" width=\"300\" height=\"225\" src=\"https:\/\/jdnengenharia.com.br\/reformas\/wp-content\/uploads\/2024\/10\/canrobert-04-300x225.jpg\" class=\"attachment-medium size-medium\" alt=\"Obra executada no condom\u00ednio Canrobert\" aria-describedby=\"gallery-1-902\" srcset=\"https:\/\/jdnengenharia.com.br\/reformas\/wp-content\/uploads\/2024\/10\/canrobert-04-300x225.jpg 300w, https:\/\/jdnengenharia.com.br\/reformas\/wp-content\/uploads\/2024\/10\/canrobert-04-768x576.jpg 768w, https:\/\/jdnengenharia.com.br\/reformas\/wp-content\/uploads\/2024\/10\/canrobert-04.jpg 1024w\" sizes=\"(max-width: 300px) 100vw, 300px\" \/><\/a>\n\t\t\t<\/div>\n\t\t\t\t<figcaption class='wp-caption-text gallery-caption' id='gallery-1-902'>\n\t\t\t\tObra executada no condom\u00ednio Canrobert\n\n\n\t\t\t\t<\/figcaption><\/figure><figure class='gallery-item'>\n\t\t\t<div class='gallery-icon portrait'>\n\t\t\t\t<a data-elementor-open-lightbox=\"yes\" data-elementor-lightbox-slideshow=\"e018923\" data-elementor-lightbox-title=\"Obra executada no condom\u00ednio Canrobert\" data-elementor-lightbox-description=\"Obra executada no condom\u00ednio Canrobert\n\n\" data-e-action-hash=\"#elementor-action%3Aaction%3Dlightbox%26settings%3DeyJpZCI6OTA0LCJ1cmwiOiJodHRwczpcL1wvamRuZW5nZW5oYXJpYS5jb20uYnJcL3JlZm9ybWFzXC93cC1jb250ZW50XC91cGxvYWRzXC8yMDI0XC8xMFwvY2Fucm9iZXJ0LTA3LmpwZyIsInNsaWRlc2hvdyI6ImUwMTg5MjMifQ%3D%3D\" href='https:\/\/jdnengenharia.com.br\/reformas\/wp-content\/uploads\/2024\/10\/canrobert-07.jpg'><img loading=\"lazy\" decoding=\"async\" width=\"225\" height=\"300\" src=\"https:\/\/jdnengenharia.com.br\/reformas\/wp-content\/uploads\/2024\/10\/canrobert-07-225x300.jpg\" class=\"attachment-medium size-medium\" alt=\"Obra executada no condom\u00ednio Canrobert\" aria-describedby=\"gallery-1-904\" srcset=\"https:\/\/jdnengenharia.com.br\/reformas\/wp-content\/uploads\/2024\/10\/canrobert-07-225x300.jpg 225w, https:\/\/jdnengenharia.com.br\/reformas\/wp-content\/uploads\/2024\/10\/canrobert-07.jpg 768w\" sizes=\"(max-width: 225px) 100vw, 225px\" \/><\/a>\n\t\t\t<\/div>\n\t\t\t\t<figcaption class='wp-caption-text gallery-caption' id='gallery-1-904'>\n\t\t\t\tObra executada no condom\u00ednio Canrobert\n\n\n\t\t\t\t<\/figcaption><\/figure><figure class='gallery-item'>\n\t\t\t<div class='gallery-icon portrait'>\n\t\t\t\t<a data-elementor-open-lightbox=\"yes\" data-elementor-lightbox-slideshow=\"e018923\" data-elementor-lightbox-title=\"Obra executada no condom\u00ednio Canrobert\" data-elementor-lightbox-description=\"Obra executada no condom\u00ednio Canrobert\n\n\" data-e-action-hash=\"#elementor-action%3Aaction%3Dlightbox%26settings%3DeyJpZCI6ODk3LCJ1cmwiOiJodHRwczpcL1wvamRuZW5nZW5oYXJpYS5jb20uYnJcL3JlZm9ybWFzXC93cC1jb250ZW50XC91cGxvYWRzXC8yMDI0XC8xMFwvY2Fucm9iZXJ0LTA5LmpwZyIsInNsaWRlc2hvdyI6ImUwMTg5MjMifQ%3D%3D\" href='https:\/\/jdnengenharia.com.br\/reformas\/wp-content\/uploads\/2024\/10\/canrobert-09.jpg'><img loading=\"lazy\" decoding=\"async\" width=\"225\" height=\"300\" src=\"https:\/\/jdnengenharia.com.br\/reformas\/wp-content\/uploads\/2024\/10\/canrobert-09-225x300.jpg\" class=\"attachment-medium size-medium\" alt=\"Obra executada no condom\u00ednio Canrobert\" aria-describedby=\"gallery-1-897\" srcset=\"https:\/\/jdnengenharia.com.br\/reformas\/wp-content\/uploads\/2024\/10\/canrobert-09-225x300.jpg 225w, https:\/\/jdnengenharia.com.br\/reformas\/wp-content\/uploads\/2024\/10\/canrobert-09.jpg 768w\" sizes=\"(max-width: 225px) 100vw, 225px\" \/><\/a>\n\t\t\t<\/div>\n\t\t\t\t<figcaption class='wp-caption-text gallery-caption' id='gallery-1-897'>\n\t\t\t\tObra executada no condom\u00ednio Canrobert\n\n\n\t\t\t\t<\/figcaption><\/figure><figure class='gallery-item'>\n\t\t\t<div class='gallery-icon portrait'>\n\t\t\t\t<a data-elementor-open-lightbox=\"yes\" data-elementor-lightbox-slideshow=\"e018923\" data-elementor-lightbox-title=\"Obra executada no condom\u00ednio Canrobert\" data-elementor-lightbox-description=\"Obra executada no condom\u00ednio Canrobert\n\n\" data-e-action-hash=\"#elementor-action%3Aaction%3Dlightbox%26settings%3DeyJpZCI6OTAzLCJ1cmwiOiJodHRwczpcL1wvamRuZW5nZW5oYXJpYS5jb20uYnJcL3JlZm9ybWFzXC93cC1jb250ZW50XC91cGxvYWRzXC8yMDI0XC8xMFwvY2Fucm9iZXJ0LTA2LmpwZyIsInNsaWRlc2hvdyI6ImUwMTg5MjMifQ%3D%3D\" href='https:\/\/jdnengenharia.com.br\/reformas\/wp-content\/uploads\/2024\/10\/canrobert-06.jpg'><img loading=\"lazy\" decoding=\"async\" width=\"225\" height=\"300\" src=\"https:\/\/jdnengenharia.com.br\/reformas\/wp-content\/uploads\/2024\/10\/canrobert-06-225x300.jpg\" class=\"attachment-medium size-medium\" alt=\"Obra executada no condom\u00ednio Canrobert\" aria-describedby=\"gallery-1-903\" srcset=\"https:\/\/jdnengenharia.com.br\/reformas\/wp-content\/uploads\/2024\/10\/canrobert-06-225x300.jpg 225w, https:\/\/jdnengenharia.com.br\/reformas\/wp-content\/uploads\/2024\/10\/canrobert-06.jpg 768w\" sizes=\"(max-width: 225px) 100vw, 225px\" \/><\/a>\n\t\t\t<\/div>\n\t\t\t\t<figcaption class='wp-caption-text gallery-caption' id='gallery-1-903'>\n\t\t\t\tObra executada no condom\u00ednio Canrobert\n\n\n\t\t\t\t<\/figcaption><\/figure><figure class='gallery-item'>\n\t\t\t<div class='gallery-icon portrait'>\n\t\t\t\t<a data-elementor-open-lightbox=\"yes\" data-elementor-lightbox-slideshow=\"e018923\" data-elementor-lightbox-title=\"Obra executada no condom\u00ednio Canrobert\" data-elementor-lightbox-description=\"Obra executada no condom\u00ednio Canrobert\n\n\" data-e-action-hash=\"#elementor-action%3Aaction%3Dlightbox%26settings%3DeyJpZCI6ODk4LCJ1cmwiOiJodHRwczpcL1wvamRuZW5nZW5oYXJpYS5jb20uYnJcL3JlZm9ybWFzXC93cC1jb250ZW50XC91cGxvYWRzXC8yMDI0XC8xMFwvY2Fucm9iZXJ0LTA4LmpwZyIsInNsaWRlc2hvdyI6ImUwMTg5MjMifQ%3D%3D\" href='https:\/\/jdnengenharia.com.br\/reformas\/wp-content\/uploads\/2024\/10\/canrobert-08.jpg'><img loading=\"lazy\" decoding=\"async\" width=\"225\" height=\"300\" src=\"https:\/\/jdnengenharia.com.br\/reformas\/wp-content\/uploads\/2024\/10\/canrobert-08-225x300.jpg\" class=\"attachment-medium size-medium\" alt=\"Obra executada no condom\u00ednio Canrobert\" aria-describedby=\"gallery-1-898\" srcset=\"https:\/\/jdnengenharia.com.br\/reformas\/wp-content\/uploads\/2024\/10\/canrobert-08-225x300.jpg 225w, https:\/\/jdnengenharia.com.br\/reformas\/wp-content\/uploads\/2024\/10\/canrobert-08.jpg 768w\" sizes=\"(max-width: 225px) 100vw, 225px\" \/><\/a>\n\t\t\t<\/div>\n\t\t\t\t<figcaption class='wp-caption-text gallery-caption' id='gallery-1-898'>\n\t\t\t\tObra executada no condom\u00ednio Canrobert\n\n\n\t\t\t\t<\/figcaption><\/figure><figure class='gallery-item'>\n\t\t\t<div class='gallery-icon landscape'>\n\t\t\t\t<a data-elementor-open-lightbox=\"yes\" data-elementor-lightbox-slideshow=\"e018923\" data-elementor-lightbox-title=\"Obra executada no condom\u00ednio Canrobert\" data-elementor-lightbox-description=\"Obra executada no condom\u00ednio Canrobert\n\n\" data-e-action-hash=\"#elementor-action%3Aaction%3Dlightbox%26settings%3DeyJpZCI6ODk5LCJ1cmwiOiJodHRwczpcL1wvamRuZW5nZW5oYXJpYS5jb20uYnJcL3JlZm9ybWFzXC93cC1jb250ZW50XC91cGxvYWRzXC8yMDI0XC8xMFwvY2Fucm9iZXJ0LTAxLmpwZyIsInNsaWRlc2hvdyI6ImUwMTg5MjMifQ%3D%3D\" href='https:\/\/jdnengenharia.com.br\/reformas\/wp-content\/uploads\/2024\/10\/canrobert-01.jpg'><img loading=\"lazy\" decoding=\"async\" width=\"300\" height=\"225\" src=\"https:\/\/jdnengenharia.com.br\/reformas\/wp-content\/uploads\/2024\/10\/canrobert-01-300x225.jpg\" class=\"attachment-medium size-medium\" alt=\"Obra executada no condom\u00ednio Canrobert\" aria-describedby=\"gallery-1-899\" srcset=\"https:\/\/jdnengenharia.com.br\/reformas\/wp-content\/uploads\/2024\/10\/canrobert-01-300x225.jpg 300w, https:\/\/jdnengenharia.com.br\/reformas\/wp-content\/uploads\/2024\/10\/canrobert-01-768x576.jpg 768w, https:\/\/jdnengenharia.com.br\/reformas\/wp-content\/uploads\/2024\/10\/canrobert-01.jpg 1024w\" sizes=\"(max-width: 300px) 100vw, 300px\" \/><\/a>\n\t\t\t<\/div>\n\t\t\t\t<figcaption class='wp-caption-text gallery-caption' id='gallery-1-899'>\n\t\t\t\tObra executada no condom\u00ednio Canrobert\n\n\n\t\t\t\t<\/figcaption><\/figure>\n\t\t<\/div>\n\t\t<\/div>\n\t\t\t\t\t\t<\/div>\n\t\t\t\t<\/div>\n\t\t\t\t\t<\/div>\n\t\t\t\t<\/div>\n\t\t\t\t<\/div>\n\t\t","protected":false},"excerpt":{"rendered":"<p>Servi\u00e7os executados Teste de percuss\u00e3o, reforma para recupera\u00e7\u00e3o de todas as fachadas do edif\u00edcio, revestidas em pastilhas e granitos. Local e data da execu\u00e7\u00e3o da obra Meier, Rio de Janeiro, RJ, 2022. Teste de percuss\u00e3o, reforma para recupera\u00e7\u00e3o de todas as fachadas do edif\u00edcio, revestidas em pastilhas e granitos. Meier, Rio de Janeiro, RJ, 2022. [&hellip;]<\/p>\n","protected":false},"author":1,"featured_media":0,"parent":591,"menu_order":0,"comment_status":"closed","ping_status":"closed","template":"","meta":{"footnotes":""},"class_list":["post-724","page","type-page","status-publish","hentry"],"_links":{"self":[{"href":"https:\/\/jdnengenharia.com.br\/reformas\/wp-json\/wp\/v2\/pages\/724","targetHints":{"allow":["GET"]}}],"collection":[{"href":"https:\/\/jdnengenharia.com.br\/reformas\/wp-json\/wp\/v2\/pages"}],"about":[{"href":"https:\/\/jdnengenharia.com.br\/reformas\/wp-json\/wp\/v2\/types\/page"}],"author":[{"embeddable":true,"href":"https:\/\/jdnengenharia.com.br\/reformas\/wp-json\/wp\/v2\/users\/1"}],"replies":[{"embeddable":true,"href":"https:\/\/jdnengenharia.com.br\/reformas\/wp-json\/wp\/v2\/comments?post=724"}],"version-history":[{"count":32,"href":"https:\/\/jdnengenharia.com.br\/reformas\/wp-json\/wp\/v2\/pages\/724\/revisions"}],"predecessor-version":[{"id":947,"href":"https:\/\/jdnengenharia.com.br\/reformas\/wp-json\/wp\/v2\/pages\/724\/revisions\/947"}],"up":[{"embeddable":true,"href":"https:\/\/jdnengenharia.com.br\/reformas\/wp-json\/wp\/v2\/pages\/591"}],"wp:attachment":[{"href":"https:\/\/jdnengenharia.com.br\/reformas\/wp-json\/wp\/v2\/media?parent=724"}],"curies":[{"name":"wp","href":"https:\/\/api.w.org\/{rel}","templated":true}]}}