{"id":772,"date":"2024-10-03T10:11:03","date_gmt":"2024-10-03T13:11:03","guid":{"rendered":"https:\/\/jdnengenharia.com.br\/reformas\/?page_id=772"},"modified":"2024-10-03T20:24:32","modified_gmt":"2024-10-03T23:24:32","slug":"fotos","status":"publish","type":"page","link":"https:\/\/jdnengenharia.com.br\/reformas\/fotos\/","title":{"rendered":"Fotos"},"content":{"rendered":"\t\t<div data-elementor-type=\"wp-page\" data-elementor-id=\"772\" class=\"elementor elementor-772\">\n\t\t\t\t<div class=\"elementor-element elementor-element-4dffe24 e-flex e-con-boxed e-con e-parent\" data-id=\"4dffe24\" data-element_type=\"container\">\n\t\t\t\t\t<div class=\"e-con-inner\">\n\t\t\t\t<div class=\"elementor-element elementor-element-28315ea elementor-widget elementor-widget-heading\" data-id=\"28315ea\" data-element_type=\"widget\" data-widget_type=\"heading.default\">\n\t\t\t\t<div class=\"elementor-widget-container\">\n\t\t\t\t\t<h2 class=\"elementor-heading-title elementor-size-default\">Conhe\u00e7a alguns de nossos servi\u00e7os em destaque<\/h2>\t\t\t\t<\/div>\n\t\t\t\t<\/div>\n\t\t\t\t\t<\/div>\n\t\t\t\t<\/div>\n\t\t\t\t<section class=\"elementor-section elementor-top-section elementor-element elementor-element-910f61e elementor-section-boxed elementor-section-height-default elementor-section-height-default\" data-id=\"910f61e\" data-element_type=\"section\">\n\t\t\t\t\t\t<div class=\"elementor-container elementor-column-gap-default\">\n\t\t\t\t\t<div class=\"elementor-column elementor-col-100 elementor-top-column elementor-element elementor-element-a90ae8a\" data-id=\"a90ae8a\" data-element_type=\"column\">\n\t\t\t<div class=\"elementor-widget-wrap elementor-element-populated\">\n\t\t\t\t\t\t<div class=\"elementor-element elementor-element-98d6ccb elementor-widget elementor-widget-heading\" data-id=\"98d6ccb\" data-element_type=\"widget\" data-widget_type=\"heading.default\">\n\t\t\t\t<div class=\"elementor-widget-container\">\n\t\t\t\t\t<h2 class=\"elementor-heading-title elementor-size-default\">Gallery<\/h2>\t\t\t\t<\/div>\n\t\t\t\t<\/div>\n\t\t\t\t<div class=\"elementor-element elementor-element-559e62c gallery-spacing-custom elementor-widget elementor-widget-image-gallery\" data-id=\"559e62c\" data-element_type=\"widget\" data-widget_type=\"image-gallery.default\">\n\t\t\t\t<div class=\"elementor-widget-container\">\n\t\t\t\t\t\t\t<div class=\"elementor-image-gallery\">\n\t\t\t<div id='gallery-1' class='gallery galleryid-772 gallery-columns-3 gallery-size-full'><figure class='gallery-item'>\n\t\t\t<div class='gallery-icon landscape'>\n\t\t\t\t<a data-elementor-open-lightbox=\"yes\" data-elementor-lightbox-slideshow=\"559e62c\" data-elementor-lightbox-title=\"Pintura e reforma de fachada colonial hotel\" data-elementor-lightbox-description=\"Pintura e reforma de fachada colonial em hotel no centro do Rio\" data-e-action-hash=\"#elementor-action%3Aaction%3Dlightbox%26settings%3DeyJpZCI6NjcwLCJ1cmwiOiJodHRwczpcL1wvamRuZW5nZW5oYXJpYS5jb20uYnJcL3JlZm9ybWFzXC93cC1jb250ZW50XC91cGxvYWRzXC8yMDI0XC8xMFwvZGVzdGFxdWVzMDA4LmpwZyIsInNsaWRlc2hvdyI6IjU1OWU2MmMifQ%3D%3D\" href='https:\/\/jdnengenharia.com.br\/reformas\/wp-content\/uploads\/2024\/10\/destaques008.jpg'><img fetchpriority=\"high\" decoding=\"async\" width=\"1280\" height=\"853\" src=\"https:\/\/jdnengenharia.com.br\/reformas\/wp-content\/uploads\/2024\/10\/destaques008.jpg\" class=\"attachment-full size-full\" alt=\"Pintura e reforma de fachada colonial em hotel no centro do Rio\" aria-describedby=\"gallery-1-670\" srcset=\"https:\/\/jdnengenharia.com.br\/reformas\/wp-content\/uploads\/2024\/10\/destaques008.jpg 1280w, https:\/\/jdnengenharia.com.br\/reformas\/wp-content\/uploads\/2024\/10\/destaques008-300x200.jpg 300w, https:\/\/jdnengenharia.com.br\/reformas\/wp-content\/uploads\/2024\/10\/destaques008-1024x682.jpg 1024w, https:\/\/jdnengenharia.com.br\/reformas\/wp-content\/uploads\/2024\/10\/destaques008-768x512.jpg 768w\" sizes=\"(max-width: 1280px) 100vw, 1280px\" \/><\/a>\n\t\t\t<\/div>\n\t\t\t\t<figcaption class='wp-caption-text gallery-caption' id='gallery-1-670'>\n\t\t\t\tPintura e reforma de fachada colonial em hotel no centro do Rio\n\t\t\t\t<\/figcaption><\/figure><figure class='gallery-item'>\n\t\t\t<div class='gallery-icon landscape'>\n\t\t\t\t<a data-elementor-open-lightbox=\"yes\" data-elementor-lightbox-slideshow=\"559e62c\" data-elementor-lightbox-title=\"Pintura e reforma de fachada\" data-elementor-lightbox-description=\"Pintura e reforma de fachada \" data-e-action-hash=\"#elementor-action%3Aaction%3Dlightbox%26settings%3DeyJpZCI6NjcxLCJ1cmwiOiJodHRwczpcL1wvamRuZW5nZW5oYXJpYS5jb20uYnJcL3JlZm9ybWFzXC93cC1jb250ZW50XC91cGxvYWRzXC8yMDI0XC8xMFwvZGVzdGFxdWVzMDA3LmpwZyIsInNsaWRlc2hvdyI6IjU1OWU2MmMifQ%3D%3D\" href='https:\/\/jdnengenharia.com.br\/reformas\/wp-content\/uploads\/2024\/10\/destaques007.jpg'><img decoding=\"async\" width=\"1280\" height=\"853\" src=\"https:\/\/jdnengenharia.com.br\/reformas\/wp-content\/uploads\/2024\/10\/destaques007.jpg\" class=\"attachment-full size-full\" alt=\"Pintura e reforma de fachada\" aria-describedby=\"gallery-1-671\" srcset=\"https:\/\/jdnengenharia.com.br\/reformas\/wp-content\/uploads\/2024\/10\/destaques007.jpg 1280w, https:\/\/jdnengenharia.com.br\/reformas\/wp-content\/uploads\/2024\/10\/destaques007-300x200.jpg 300w, https:\/\/jdnengenharia.com.br\/reformas\/wp-content\/uploads\/2024\/10\/destaques007-1024x682.jpg 1024w, https:\/\/jdnengenharia.com.br\/reformas\/wp-content\/uploads\/2024\/10\/destaques007-768x512.jpg 768w\" sizes=\"(max-width: 1280px) 100vw, 1280px\" \/><\/a>\n\t\t\t<\/div>\n\t\t\t\t<figcaption class='wp-caption-text gallery-caption' id='gallery-1-671'>\n\t\t\t\tPintura e reforma de fachada \n\t\t\t\t<\/figcaption><\/figure><figure class='gallery-item'>\n\t\t\t<div class='gallery-icon landscape'>\n\t\t\t\t<a data-elementor-open-lightbox=\"yes\" data-elementor-lightbox-slideshow=\"559e62c\" data-elementor-lightbox-title=\"Pintura e reforma de fachada\" data-elementor-lightbox-description=\"Pintura e reforma de fachada \" data-e-action-hash=\"#elementor-action%3Aaction%3Dlightbox%26settings%3DeyJpZCI6NjcyLCJ1cmwiOiJodHRwczpcL1wvamRuZW5nZW5oYXJpYS5jb20uYnJcL3JlZm9ybWFzXC93cC1jb250ZW50XC91cGxvYWRzXC8yMDI0XC8xMFwvZGVzdGFxdWVzMDA2LmpwZyIsInNsaWRlc2hvdyI6IjU1OWU2MmMifQ%3D%3D\" href='https:\/\/jdnengenharia.com.br\/reformas\/wp-content\/uploads\/2024\/10\/destaques006.jpg'><img decoding=\"async\" width=\"1280\" height=\"853\" src=\"https:\/\/jdnengenharia.com.br\/reformas\/wp-content\/uploads\/2024\/10\/destaques006.jpg\" class=\"attachment-full size-full\" alt=\"Pintura e reforma de fachada\" aria-describedby=\"gallery-1-672\" srcset=\"https:\/\/jdnengenharia.com.br\/reformas\/wp-content\/uploads\/2024\/10\/destaques006.jpg 1280w, https:\/\/jdnengenharia.com.br\/reformas\/wp-content\/uploads\/2024\/10\/destaques006-300x200.jpg 300w, https:\/\/jdnengenharia.com.br\/reformas\/wp-content\/uploads\/2024\/10\/destaques006-1024x682.jpg 1024w, https:\/\/jdnengenharia.com.br\/reformas\/wp-content\/uploads\/2024\/10\/destaques006-768x512.jpg 768w\" sizes=\"(max-width: 1280px) 100vw, 1280px\" \/><\/a>\n\t\t\t<\/div>\n\t\t\t\t<figcaption class='wp-caption-text gallery-caption' id='gallery-1-672'>\n\t\t\t\tPintura e reforma de fachada \n\t\t\t\t<\/figcaption><\/figure><figure class='gallery-item'>\n\t\t\t<div class='gallery-icon landscape'>\n\t\t\t\t<a data-elementor-open-lightbox=\"yes\" data-elementor-lightbox-slideshow=\"559e62c\" data-elementor-lightbox-title=\"Pintura e reforma de fachada Condom\u00ednio Solar dos Coqueiros\" data-elementor-lightbox-description=\"Pintura e reforma de fachada Condom\u00ednio Solar dos Coqueiros\" data-e-action-hash=\"#elementor-action%3Aaction%3Dlightbox%26settings%3DeyJpZCI6NjczLCJ1cmwiOiJodHRwczpcL1wvamRuZW5nZW5oYXJpYS5jb20uYnJcL3JlZm9ybWFzXC93cC1jb250ZW50XC91cGxvYWRzXC8yMDI0XC8xMFwvZGVzdGFxdWVzMDA0LmpwZyIsInNsaWRlc2hvdyI6IjU1OWU2MmMifQ%3D%3D\" href='https:\/\/jdnengenharia.com.br\/reformas\/wp-content\/uploads\/2024\/10\/destaques004.jpg'><img loading=\"lazy\" decoding=\"async\" width=\"1280\" height=\"853\" src=\"https:\/\/jdnengenharia.com.br\/reformas\/wp-content\/uploads\/2024\/10\/destaques004.jpg\" class=\"attachment-full size-full\" alt=\"Pintura e reforma de fachada Condom\u00ednio Solar dos Coqueiros\" aria-describedby=\"gallery-1-673\" srcset=\"https:\/\/jdnengenharia.com.br\/reformas\/wp-content\/uploads\/2024\/10\/destaques004.jpg 1280w, https:\/\/jdnengenharia.com.br\/reformas\/wp-content\/uploads\/2024\/10\/destaques004-300x200.jpg 300w, https:\/\/jdnengenharia.com.br\/reformas\/wp-content\/uploads\/2024\/10\/destaques004-1024x682.jpg 1024w, https:\/\/jdnengenharia.com.br\/reformas\/wp-content\/uploads\/2024\/10\/destaques004-768x512.jpg 768w\" sizes=\"(max-width: 1280px) 100vw, 1280px\" \/><\/a>\n\t\t\t<\/div>\n\t\t\t\t<figcaption class='wp-caption-text gallery-caption' id='gallery-1-673'>\n\t\t\t\tPintura e reforma de fachada Condom\u00ednio Solar dos Coqueiros\n\t\t\t\t<\/figcaption><\/figure><figure class='gallery-item'>\n\t\t\t<div class='gallery-icon landscape'>\n\t\t\t\t<a data-elementor-open-lightbox=\"yes\" data-elementor-lightbox-slideshow=\"559e62c\" data-elementor-lightbox-title=\"Pintura e reforma de fachada Condom\u00ednio Negresco\" data-elementor-lightbox-description=\"Pintura e reforma de fachada Condom\u00ednio Negresco\" data-e-action-hash=\"#elementor-action%3Aaction%3Dlightbox%26settings%3DeyJpZCI6Njc0LCJ1cmwiOiJodHRwczpcL1wvamRuZW5nZW5oYXJpYS5jb20uYnJcL3JlZm9ybWFzXC93cC1jb250ZW50XC91cGxvYWRzXC8yMDI0XC8xMFwvZGVzdGFxdWVzMDAzLmpwZyIsInNsaWRlc2hvdyI6IjU1OWU2MmMifQ%3D%3D\" href='https:\/\/jdnengenharia.com.br\/reformas\/wp-content\/uploads\/2024\/10\/destaques003.jpg'><img loading=\"lazy\" decoding=\"async\" width=\"1280\" height=\"853\" src=\"https:\/\/jdnengenharia.com.br\/reformas\/wp-content\/uploads\/2024\/10\/destaques003.jpg\" class=\"attachment-full size-full\" alt=\"Pintura e reforma de fachada Condom\u00ednio Negresco\" aria-describedby=\"gallery-1-674\" srcset=\"https:\/\/jdnengenharia.com.br\/reformas\/wp-content\/uploads\/2024\/10\/destaques003.jpg 1280w, https:\/\/jdnengenharia.com.br\/reformas\/wp-content\/uploads\/2024\/10\/destaques003-300x200.jpg 300w, https:\/\/jdnengenharia.com.br\/reformas\/wp-content\/uploads\/2024\/10\/destaques003-1024x682.jpg 1024w, https:\/\/jdnengenharia.com.br\/reformas\/wp-content\/uploads\/2024\/10\/destaques003-768x512.jpg 768w\" sizes=\"(max-width: 1280px) 100vw, 1280px\" \/><\/a>\n\t\t\t<\/div>\n\t\t\t\t<figcaption class='wp-caption-text gallery-caption' id='gallery-1-674'>\n\t\t\t\tPintura e reforma de fachada Condom\u00ednio Negresco\n\t\t\t\t<\/figcaption><\/figure><figure class='gallery-item'>\n\t\t\t<div class='gallery-icon landscape'>\n\t\t\t\t<a data-elementor-open-lightbox=\"yes\" data-elementor-lightbox-slideshow=\"559e62c\" data-elementor-lightbox-title=\"Pintura e reforma de fachada Condom\u00ednio Negresco\" data-elementor-lightbox-description=\"Pintura e reforma de fachada Condom\u00ednio Negresco\" data-e-action-hash=\"#elementor-action%3Aaction%3Dlightbox%26settings%3DeyJpZCI6Njc1LCJ1cmwiOiJodHRwczpcL1wvamRuZW5nZW5oYXJpYS5jb20uYnJcL3JlZm9ybWFzXC93cC1jb250ZW50XC91cGxvYWRzXC8yMDI0XC8xMFwvZGVzdGFxdWVzMDAyLmpwZyIsInNsaWRlc2hvdyI6IjU1OWU2MmMifQ%3D%3D\" href='https:\/\/jdnengenharia.com.br\/reformas\/wp-content\/uploads\/2024\/10\/destaques002.jpg'><img loading=\"lazy\" decoding=\"async\" width=\"1280\" height=\"853\" src=\"https:\/\/jdnengenharia.com.br\/reformas\/wp-content\/uploads\/2024\/10\/destaques002.jpg\" class=\"attachment-full size-full\" alt=\"Pintura e reforma de fachada Condom\u00ednio Negresco\" aria-describedby=\"gallery-1-675\" srcset=\"https:\/\/jdnengenharia.com.br\/reformas\/wp-content\/uploads\/2024\/10\/destaques002.jpg 1280w, https:\/\/jdnengenharia.com.br\/reformas\/wp-content\/uploads\/2024\/10\/destaques002-300x200.jpg 300w, https:\/\/jdnengenharia.com.br\/reformas\/wp-content\/uploads\/2024\/10\/destaques002-1024x682.jpg 1024w, https:\/\/jdnengenharia.com.br\/reformas\/wp-content\/uploads\/2024\/10\/destaques002-768x512.jpg 768w\" sizes=\"(max-width: 1280px) 100vw, 1280px\" \/><\/a>\n\t\t\t<\/div>\n\t\t\t\t<figcaption class='wp-caption-text gallery-caption' id='gallery-1-675'>\n\t\t\t\tPintura e reforma de fachada Condom\u00ednio Negresco\n\t\t\t\t<\/figcaption><\/figure><figure class='gallery-item'>\n\t\t\t<div class='gallery-icon landscape'>\n\t\t\t\t<a data-elementor-open-lightbox=\"yes\" data-elementor-lightbox-slideshow=\"559e62c\" data-elementor-lightbox-title=\"Pintura e reforma de fachada Condom\u00ednio  Canrobert\" data-elementor-lightbox-description=\"Pintura e reforma de fachada Condom\u00ednio  Canrobert\" data-e-action-hash=\"#elementor-action%3Aaction%3Dlightbox%26settings%3DeyJpZCI6Njc2LCJ1cmwiOiJodHRwczpcL1wvamRuZW5nZW5oYXJpYS5jb20uYnJcL3JlZm9ybWFzXC93cC1jb250ZW50XC91cGxvYWRzXC8yMDI0XC8xMFwvZGVzdGFxdWVzMDAxLmpwZyIsInNsaWRlc2hvdyI6IjU1OWU2MmMifQ%3D%3D\" href='https:\/\/jdnengenharia.com.br\/reformas\/wp-content\/uploads\/2024\/10\/destaques001.jpg'><img loading=\"lazy\" decoding=\"async\" width=\"1280\" height=\"853\" src=\"https:\/\/jdnengenharia.com.br\/reformas\/wp-content\/uploads\/2024\/10\/destaques001.jpg\" class=\"attachment-full size-full\" alt=\"Pintura e reforma de fachada Condom\u00ednio Canrobert\" aria-describedby=\"gallery-1-676\" srcset=\"https:\/\/jdnengenharia.com.br\/reformas\/wp-content\/uploads\/2024\/10\/destaques001.jpg 1280w, https:\/\/jdnengenharia.com.br\/reformas\/wp-content\/uploads\/2024\/10\/destaques001-300x200.jpg 300w, https:\/\/jdnengenharia.com.br\/reformas\/wp-content\/uploads\/2024\/10\/destaques001-1024x682.jpg 1024w, https:\/\/jdnengenharia.com.br\/reformas\/wp-content\/uploads\/2024\/10\/destaques001-768x512.jpg 768w\" sizes=\"(max-width: 1280px) 100vw, 1280px\" \/><\/a>\n\t\t\t<\/div>\n\t\t\t\t<figcaption class='wp-caption-text gallery-caption' id='gallery-1-676'>\n\t\t\t\tPintura e reforma de fachada Condom\u00ednio  Canrobert\n\t\t\t\t<\/figcaption><\/figure>\n\t\t<\/div>\n\t\t<\/div>\n\t\t\t\t\t\t<\/div>\n\t\t\t\t<\/div>\n\t\t\t\t\t<\/div>\n\t\t<\/div>\n\t\t\t\t\t<\/div>\n\t\t<\/section>\n\t\t\t\t<\/div>\n\t\t","protected":false},"excerpt":{"rendered":"<p>Conhe\u00e7a alguns de nossos servi\u00e7os em destaque Gallery Pintura e reforma de fachada colonial em hotel no centro do Rio Pintura e reforma de fachada Pintura e reforma de fachada Pintura e reforma de fachada Condom\u00ednio Solar dos Coqueiros Pintura e reforma de fachada Condom\u00ednio Negresco Pintura e reforma de fachada Condom\u00ednio Negresco Pintura e [&hellip;]<\/p>\n","protected":false},"author":1,"featured_media":0,"parent":0,"menu_order":0,"comment_status":"closed","ping_status":"closed","template":"template-parts\/template-homepage-builder.php","meta":{"footnotes":""},"class_list":["post-772","page","type-page","status-publish","hentry"],"_links":{"self":[{"href":"https:\/\/jdnengenharia.com.br\/reformas\/wp-json\/wp\/v2\/pages\/772","targetHints":{"allow":["GET"]}}],"collection":[{"href":"https:\/\/jdnengenharia.com.br\/reformas\/wp-json\/wp\/v2\/pages"}],"about":[{"href":"https:\/\/jdnengenharia.com.br\/reformas\/wp-json\/wp\/v2\/types\/page"}],"author":[{"embeddable":true,"href":"https:\/\/jdnengenharia.com.br\/reformas\/wp-json\/wp\/v2\/users\/1"}],"replies":[{"embeddable":true,"href":"https:\/\/jdnengenharia.com.br\/reformas\/wp-json\/wp\/v2\/comments?post=772"}],"version-history":[{"count":7,"href":"https:\/\/jdnengenharia.com.br\/reformas\/wp-json\/wp\/v2\/pages\/772\/revisions"}],"predecessor-version":[{"id":869,"href":"https:\/\/jdnengenharia.com.br\/reformas\/wp-json\/wp\/v2\/pages\/772\/revisions\/869"}],"wp:attachment":[{"href":"https:\/\/jdnengenharia.com.br\/reformas\/wp-json\/wp\/v2\/media?parent=772"}],"curies":[{"name":"wp","href":"https:\/\/api.w.org\/{rel}","templated":true}]}}